{"id":8626,"date":"2022-12-11T22:30:50","date_gmt":"2022-12-11T19:30:50","guid":{"rendered":"https:\/\/koclarsuaritma.com\/?post_type=product&#038;p=8626"},"modified":"2025-08-13T22:33:12","modified_gmt":"2025-08-13T19:33:12","slug":"su-aritma-cihazi-kirmizi","status":"publish","type":"product","link":"https:\/\/magaza.koclarsuaritma.com\/index.php\/urun\/su-aritma-cihazi-kirmizi\/","title":{"rendered":"Ko\u00e7lar Pure K\u0131rm\u0131z\u0131 Su Ar\u0131tma Cihaz\u0131"},"content":{"rendered":"","protected":false},"excerpt":{"rendered":"<p><strong>Teknik \u00d6zellikler<\/strong><\/p>\n<p>* Ye\u015fil Teknoloji &amp; Elektrik Gerektirmez<br \/>\n* Inline 5 Mikron Sediment Filtre<br \/>\n* Inline Aktif Karbon Blok Filtre<br \/>\n* Inline CTO Karbon Blok Filtre<br \/>\n* 80 GPD Membran Filtre<br \/>\n* Inline Hindistan Cevizi Kabu\u011fu Karbon Filtre<br \/>\n* 3.2 Galon \u00c7elik Bas\u0131n\u00e7l\u0131 Tank<br \/>\n* 304 Paslanmaz Musluk (l\u00fcks)<br \/>\n* Dahili Tank<br \/>\n* Kompakt Tasar\u0131m<br \/>\n* Tazyikli su \u00fcretir<br \/>\n* 5 Filtrasyon a\u015famas\u0131 i\u00e7eriyor<br \/>\n* Mutfak tezgah\u0131 alt\u0131nda minimum yer kaplar<\/p>\n","protected":false},"featured_media":8628,"comment_status":"closed","ping_status":"closed","template":"","meta":[],"product_brand":[],"product_cat":[70],"product_tag":[79],"class_list":{"0":"post-8626","1":"product","2":"type-product","3":"status-publish","4":"has-post-thumbnail","6":"product_cat-su-aritma-cihazlari","7":"product_tag-su-aritma-cihazi-kirmizi","9":"first","10":"instock","11":"shipping-taxable","12":"purchasable","13":"product-type-variable"},"_links":{"self":[{"href":"https:\/\/magaza.koclarsuaritma.com\/index.php\/wp-json\/wp\/v2\/product\/8626","targetHints":{"allow":["GET"]}}],"collection":[{"href":"https:\/\/magaza.koclarsuaritma.com\/index.php\/wp-json\/wp\/v2\/product"}],"about":[{"href":"https:\/\/magaza.koclarsuaritma.com\/index.php\/wp-json\/wp\/v2\/types\/product"}],"replies":[{"embeddable":true,"href":"https:\/\/magaza.koclarsuaritma.com\/index.php\/wp-json\/wp\/v2\/comments?post=8626"}],"version-history":[{"count":3,"href":"https:\/\/magaza.koclarsuaritma.com\/index.php\/wp-json\/wp\/v2\/product\/8626\/revisions"}],"predecessor-version":[{"id":8799,"href":"https:\/\/magaza.koclarsuaritma.com\/index.php\/wp-json\/wp\/v2\/product\/8626\/revisions\/8799"}],"wp:featuredmedia":[{"embeddable":true,"href":"https:\/\/magaza.koclarsuaritma.com\/index.php\/wp-json\/wp\/v2\/media\/8628"}],"wp:attachment":[{"href":"https:\/\/magaza.koclarsuaritma.com\/index.php\/wp-json\/wp\/v2\/media?parent=8626"}],"wp:term":[{"taxonomy":"product_brand","embeddable":true,"href":"https:\/\/magaza.koclarsuaritma.com\/index.php\/wp-json\/wp\/v2\/product_brand?post=8626"},{"taxonomy":"product_cat","embeddable":true,"href":"https:\/\/magaza.koclarsuaritma.com\/index.php\/wp-json\/wp\/v2\/product_cat?post=8626"},{"taxonomy":"product_tag","embeddable":true,"href":"https:\/\/magaza.koclarsuaritma.com\/index.php\/wp-json\/wp\/v2\/product_tag?post=8626"}],"curies":[{"name":"wp","href":"https:\/\/api.w.org\/{rel}","templated":true}]}}