{"id":8630,"date":"2022-12-11T22:32:39","date_gmt":"2022-12-11T19:32:39","guid":{"rendered":"https:\/\/koclarsuaritma.com\/?post_type=product&#038;p=8630"},"modified":"2025-08-13T22:29:58","modified_gmt":"2025-08-13T19:29:58","slug":"su-aritma-cihazi-mavi","status":"publish","type":"product","link":"https:\/\/magaza.koclarsuaritma.com\/index.php\/urun\/su-aritma-cihazi-mavi\/","title":{"rendered":"Ko\u00e7lar Pure Mavi-Turuncu Su Ar\u0131tma Cihaz\u0131"},"content":{"rendered":"","protected":false},"excerpt":{"rendered":"<p><strong>Teknik \u00d6zellikler<\/strong><\/p>\n<p>* Ye\u015fil Teknoloji &amp; Elektrik Gerektirmez<br \/>\n* Inline 5 Mikron Sediment Filtre<br \/>\n* Inline Aktif Karbon Blok Filtre<br \/>\n* Inline CTO Karbon Blok Filtre<br \/>\n* 75 GPD Membran Filtre<br \/>\n* Inline Hindistan Cevizi Kabu\u011fu Karbon Filtre<br \/>\n* 3.2 Galon \u00c7elik Bas\u0131n\u00e7l\u0131 Tank<br \/>\n* Avrupa Musluk (l\u00fcks)<br \/>\n* Dahili Tank<br \/>\n* Kompakt Tasar\u0131m<br \/>\n* Tazyikli su \u00fcretir<br \/>\n* 5 Filtrasyon a\u015famas\u0131 i\u00e7eriyor<br \/>\n* Mutfak tezgah\u0131 alt\u0131nda minimum yer kaplar<\/p>\n","protected":false},"featured_media":8632,"comment_status":"closed","ping_status":"closed","template":"","meta":[],"product_brand":[],"product_cat":[70],"product_tag":[80],"class_list":{"0":"post-8630","1":"product","2":"type-product","3":"status-publish","4":"has-post-thumbnail","6":"product_cat-su-aritma-cihazlari","7":"product_tag-su-aritma-cihazi-mavi","9":"first","10":"instock","11":"shipping-taxable","12":"purchasable","13":"product-type-variable"},"_links":{"self":[{"href":"https:\/\/magaza.koclarsuaritma.com\/index.php\/wp-json\/wp\/v2\/product\/8630","targetHints":{"allow":["GET"]}}],"collection":[{"href":"https:\/\/magaza.koclarsuaritma.com\/index.php\/wp-json\/wp\/v2\/product"}],"about":[{"href":"https:\/\/magaza.koclarsuaritma.com\/index.php\/wp-json\/wp\/v2\/types\/product"}],"replies":[{"embeddable":true,"href":"https:\/\/magaza.koclarsuaritma.com\/index.php\/wp-json\/wp\/v2\/comments?post=8630"}],"version-history":[{"count":2,"href":"https:\/\/magaza.koclarsuaritma.com\/index.php\/wp-json\/wp\/v2\/product\/8630\/revisions"}],"predecessor-version":[{"id":8791,"href":"https:\/\/magaza.koclarsuaritma.com\/index.php\/wp-json\/wp\/v2\/product\/8630\/revisions\/8791"}],"wp:featuredmedia":[{"embeddable":true,"href":"https:\/\/magaza.koclarsuaritma.com\/index.php\/wp-json\/wp\/v2\/media\/8632"}],"wp:attachment":[{"href":"https:\/\/magaza.koclarsuaritma.com\/index.php\/wp-json\/wp\/v2\/media?parent=8630"}],"wp:term":[{"taxonomy":"product_brand","embeddable":true,"href":"https:\/\/magaza.koclarsuaritma.com\/index.php\/wp-json\/wp\/v2\/product_brand?post=8630"},{"taxonomy":"product_cat","embeddable":true,"href":"https:\/\/magaza.koclarsuaritma.com\/index.php\/wp-json\/wp\/v2\/product_cat?post=8630"},{"taxonomy":"product_tag","embeddable":true,"href":"https:\/\/magaza.koclarsuaritma.com\/index.php\/wp-json\/wp\/v2\/product_tag?post=8630"}],"curies":[{"name":"wp","href":"https:\/\/api.w.org\/{rel}","templated":true}]}}