{"id":8657,"date":"2022-12-12T09:22:43","date_gmt":"2022-12-12T06:22:43","guid":{"rendered":"https:\/\/koclarsuaritma.com\/?post_type=product&#038;p=8657"},"modified":"2025-08-13T22:25:24","modified_gmt":"2025-08-13T19:25:24","slug":"puretech-yakut-yesil-su-aritma-cihazi","status":"publish","type":"product","link":"https:\/\/magaza.koclarsuaritma.com\/index.php\/urun\/puretech-yakut-yesil-su-aritma-cihazi\/","title":{"rendered":"Puretech Yakut Ye\u015fil Su Ar\u0131tma Cihaz\u0131"},"content":{"rendered":"<div>Teknik \u00d6zellikler<\/div>\n<div><\/div>\n<div>* Ye\u015fil Teknoloji &amp; Elektrik Gerektirmez<\/div>\n<div>* Inline 5 Mikron Sediment Filtre<\/div>\n<div>* Inline Aktif Karbon Blok Filtre<\/div>\n<div>* Inline CTO Karbon Blok Filtre<\/div>\n<div>* 75 GPD Membran Filtre<\/div>\n<div>* Inline Hindistan Cevizi Kabu\u011fu Karbon Filtre<\/div>\n<div>* 3.2 Galon \u00c7elik Bas\u0131n\u00e7l\u0131 Tank<\/div>\n<div>* Avrupa Musluk (l\u00fcks)<\/div>\n<div><\/div>\n<div>Dahili Tank<\/div>\n<div>Kompakt Tasar\u0131m<\/div>\n<div>Tazyikli su \u00fcretir<\/div>\n<div>5 Filtrasyon a\u015famas\u0131 i\u00e7eriyor<\/div>\n<div>Mutfak tezgah\u0131 alt\u0131nda minimum yer kaplar<\/div>\n","protected":false},"excerpt":{"rendered":"<p><strong>Teknik \u00d6zellikler<\/strong><\/p>\n<p>* Ye\u015fil Teknoloji &amp; Elektrik Gerektirmez<br \/>\n* Inline 5 Mikron Sediment Filtre<br \/>\n* Inline Aktif Karbon Blok Filtre<br \/>\n* Inline CTO Karbon Blok Filtre<br \/>\n* 75 GPD Membran Filtre<br \/>\n* Inline Hindistan Cevizi Kabu\u011fu Karbon Filtre<br \/>\n* 3.2 Galon \u00c7elik Bas\u0131n\u00e7l\u0131 Tank<br \/>\n* Avrupa Musluk (l\u00fcks)<br \/>\n* Dahili Tank<br \/>\n* Kompakt Tasar\u0131m<br \/>\n* Tazyikli su \u00fcretir<br \/>\n* 5 Filtrasyon a\u015famas\u0131 i\u00e7eriyor<br \/>\n* Mutfak tezgah\u0131 alt\u0131nda minimum yer kaplar<\/p>\n","protected":false},"featured_media":8653,"comment_status":"closed","ping_status":"closed","template":"","meta":[],"product_brand":[],"product_cat":[70],"product_tag":[85],"class_list":{"0":"post-8657","1":"product","2":"type-product","3":"status-publish","4":"has-post-thumbnail","6":"product_cat-su-aritma-cihazlari","7":"product_tag-puretech-yakut-yesil-su-aritma-cihazi","9":"first","10":"instock","11":"shipping-taxable","12":"purchasable","13":"product-type-variable"},"_links":{"self":[{"href":"https:\/\/magaza.koclarsuaritma.com\/index.php\/wp-json\/wp\/v2\/product\/8657","targetHints":{"allow":["GET"]}}],"collection":[{"href":"https:\/\/magaza.koclarsuaritma.com\/index.php\/wp-json\/wp\/v2\/product"}],"about":[{"href":"https:\/\/magaza.koclarsuaritma.com\/index.php\/wp-json\/wp\/v2\/types\/product"}],"replies":[{"embeddable":true,"href":"https:\/\/magaza.koclarsuaritma.com\/index.php\/wp-json\/wp\/v2\/comments?post=8657"}],"version-history":[{"count":1,"href":"https:\/\/magaza.koclarsuaritma.com\/index.php\/wp-json\/wp\/v2\/product\/8657\/revisions"}],"predecessor-version":[{"id":8658,"href":"https:\/\/magaza.koclarsuaritma.com\/index.php\/wp-json\/wp\/v2\/product\/8657\/revisions\/8658"}],"wp:featuredmedia":[{"embeddable":true,"href":"https:\/\/magaza.koclarsuaritma.com\/index.php\/wp-json\/wp\/v2\/media\/8653"}],"wp:attachment":[{"href":"https:\/\/magaza.koclarsuaritma.com\/index.php\/wp-json\/wp\/v2\/media?parent=8657"}],"wp:term":[{"taxonomy":"product_brand","embeddable":true,"href":"https:\/\/magaza.koclarsuaritma.com\/index.php\/wp-json\/wp\/v2\/product_brand?post=8657"},{"taxonomy":"product_cat","embeddable":true,"href":"https:\/\/magaza.koclarsuaritma.com\/index.php\/wp-json\/wp\/v2\/product_cat?post=8657"},{"taxonomy":"product_tag","embeddable":true,"href":"https:\/\/magaza.koclarsuaritma.com\/index.php\/wp-json\/wp\/v2\/product_tag?post=8657"}],"curies":[{"name":"wp","href":"https:\/\/api.w.org\/{rel}","templated":true}]}}