{"id":8693,"date":"2022-12-12T22:13:08","date_gmt":"2022-12-12T19:13:08","guid":{"rendered":"https:\/\/koclarsuaritma.com\/?post_type=product&#038;p=8693"},"modified":"2025-04-05T14:59:35","modified_gmt":"2025-04-05T11:59:35","slug":"8li-mineral-filtre","status":"publish","type":"product","link":"https:\/\/magaza.koclarsuaritma.com\/index.php\/urun\/8li-mineral-filtre\/","title":{"rendered":"8&#8217;li Mineral Filtre"},"content":{"rendered":"","protected":false},"excerpt":{"rendered":"<div class=\"details-1 wow fadeInRight\">\n<h3 class=\"detail-1\">5 M\u0130KRON TORTU F\u0130LTRE<\/h3>\n<p class=\"detail-exp1\">Kaba tortu, Kum, \u00c7ak\u0131l, \u00c7amur gibi maddelerinar\u0131t\u0131lmas\u0131n\u0131 sa\u011flar.\u00a0Ters Ozmos membran filtreyi koruyarak optimum filtre \u00f6mr\u00fc sa\u011flar.<\/p>\n<\/div>\n<div class=\"details-2 wow fadeInLeft\">\n<h3 class=\"detail-2\">GAC KARBON F\u0130LTRE<\/h3>\n<p class=\"detail-exp3\">Suyun renk, tat ve koku dengesini d\u00fczenler. Klor ve di\u011fer\u00a0kimyasallar\u0131 ar\u0131tarak membran filtrenin korunmas\u0131n\u0131 sa\u011flar.<\/p>\n<\/div>\n<div class=\"details-3 wow fadeInRight\">\n<h3 class=\"detail-3\">1 M\u0130KRON TORTU F\u0130LTRE<\/h3>\n<p class=\"detail-exp5\">Kaba tortu, Kum, \u00c7ak\u0131l, \u00c7amur gibi maddelerinar\u0131t\u0131lmas\u0131n\u0131 sa\u011flar.\u00a0Ters Ozmos membran filtreyi koruyarak optimum filtre \u00f6mr\u00fc sa\u011flar.<\/p>\n<\/div>\n<div class=\"details-4 wow fadeInLeft\">\n<h3 class=\"detail-4\">TERS OZMOS MEMBRAN F\u0130LTRE<\/h3>\n<p class=\"detail-exp7\">Ters Ozmos i\u015flemini ger\u00e7ekle\u015ftirerek suyun yar\u0131 ge\u00e7irgen zar olan\u00a0membrandan ge\u00e7irilerek ar\u0131t\u0131lmas\u0131n\u0131 sa\u011flar Nano boyutta tortu partik\u00fcl,\u00a0a\u011f\u0131r metal, kimyasal, vir\u00fcs, bakteri, mikroorganizma ve kirecin ar\u0131t\u0131lmas\u0131n\u0131 sa\u011flar.<\/p>\n<\/div>\n<div class=\"details-5 wow fadeInRight\">\n<h3 class=\"detail-5\">H\u0130ND\u0130STAN CEV\u0130Z\u0130 KARBON F\u0130LTRE<\/h3>\n<p class=\"detail-exp10\">Hindistan cevizi kabu\u011fu ve gran\u00fcl karbon i\u00e7erir. Musluktan akmadan\u00a0hemen \u00f6nce suyu son kez ar\u0131tarak lezzetli olmas\u0131n\u0131 sa\u011flar.<\/p>\n<div class=\"paralelogram-location\">\n<div class=\"details\">\n<div class=\"details-6 wow fadeInLeft\">\n<h3 class=\"detail-6\">M\u0130NERAL F\u0130LTRE<\/h3>\n<\/div>\n<\/div>\n<\/div>\n<p>Mineral Filtre, i\u00e7eri\u011findeki do\u011fal mineral ta\u015flar\u0131yla suyu sa\u011fl\u0131k a\u00e7\u0131s\u0131ndan zenginle\u015ftirir. \u0130\u00e7 malzeme %100 do\u011fal ve organiktir.<\/p>\n<\/div>\n","protected":false},"featured_media":8694,"comment_status":"closed","ping_status":"closed","template":"","meta":[],"product_brand":[],"product_cat":[71],"product_tag":[92],"class_list":{"0":"post-8693","1":"product","2":"type-product","3":"status-publish","4":"has-post-thumbnail","6":"product_cat-filtreler","7":"product_tag-8li-mineral-filtre","9":"first","10":"instock","11":"sale","12":"shipping-taxable","13":"purchasable","14":"product-type-simple"},"_links":{"self":[{"href":"https:\/\/magaza.koclarsuaritma.com\/index.php\/wp-json\/wp\/v2\/product\/8693","targetHints":{"allow":["GET"]}}],"collection":[{"href":"https:\/\/magaza.koclarsuaritma.com\/index.php\/wp-json\/wp\/v2\/product"}],"about":[{"href":"https:\/\/magaza.koclarsuaritma.com\/index.php\/wp-json\/wp\/v2\/types\/product"}],"replies":[{"embeddable":true,"href":"https:\/\/magaza.koclarsuaritma.com\/index.php\/wp-json\/wp\/v2\/comments?post=8693"}],"version-history":[{"count":2,"href":"https:\/\/magaza.koclarsuaritma.com\/index.php\/wp-json\/wp\/v2\/product\/8693\/revisions"}],"predecessor-version":[{"id":8696,"href":"https:\/\/magaza.koclarsuaritma.com\/index.php\/wp-json\/wp\/v2\/product\/8693\/revisions\/8696"}],"wp:featuredmedia":[{"embeddable":true,"href":"https:\/\/magaza.koclarsuaritma.com\/index.php\/wp-json\/wp\/v2\/media\/8694"}],"wp:attachment":[{"href":"https:\/\/magaza.koclarsuaritma.com\/index.php\/wp-json\/wp\/v2\/media?parent=8693"}],"wp:term":[{"taxonomy":"product_brand","embeddable":true,"href":"https:\/\/magaza.koclarsuaritma.com\/index.php\/wp-json\/wp\/v2\/product_brand?post=8693"},{"taxonomy":"product_cat","embeddable":true,"href":"https:\/\/magaza.koclarsuaritma.com\/index.php\/wp-json\/wp\/v2\/product_cat?post=8693"},{"taxonomy":"product_tag","embeddable":true,"href":"https:\/\/magaza.koclarsuaritma.com\/index.php\/wp-json\/wp\/v2\/product_tag?post=8693"}],"curies":[{"name":"wp","href":"https:\/\/api.w.org\/{rel}","templated":true}]}}