{"id":8795,"date":"2024-03-19T12:46:25","date_gmt":"2024-03-19T09:46:25","guid":{"rendered":"https:\/\/magaza.koclarsuaritma.com\/?post_type=product&#038;p=8795"},"modified":"2025-08-13T22:22:16","modified_gmt":"2025-08-13T19:22:16","slug":"koclar-pure-beyaz-su-aritma-cihazi","status":"publish","type":"product","link":"https:\/\/magaza.koclarsuaritma.com\/index.php\/urun\/koclar-pure-beyaz-su-aritma-cihazi\/","title":{"rendered":"Ko\u00e7lar Pure Mavi-Beyaz Su Ar\u0131tma Cihaz\u0131"},"content":{"rendered":"","protected":false},"excerpt":{"rendered":"<p><strong>Teknik \u00d6zellikler<\/strong><\/p>\n<p>* Ye\u015fil Teknoloji &amp; Elektrik Gerektirmez<br \/>\n* Inline 5 Mikron Sediment Filtre<br \/>\n* Inline Aktif Karbon Blok Filtre<br \/>\n* Inline CTO Karbon Blok Filtre<br \/>\n* 80 GPD Membran Filtre<br \/>\n* Inline Hindistan Cevizi Kabu\u011fu Karbon Filtre<br \/>\n* 3.2 Galon \u00c7elik Bas\u0131n\u00e7l\u0131 Tank<br \/>\n* 304 Paslanmaz Musluk (l\u00fcks)<br \/>\n* Dahili Tank<br \/>\n* Kompakt Tasar\u0131m<br \/>\n* Tazyikli su \u00fcretir<br \/>\n* 5 Filtrasyon a\u015famas\u0131 i\u00e7eriyor<br \/>\n* Mutfak tezgah\u0131 alt\u0131nda minimum yer kaplar<\/p>\n","protected":false},"featured_media":8804,"comment_status":"open","ping_status":"closed","template":"","meta":[],"product_brand":[],"product_cat":[70],"product_tag":[96],"class_list":{"0":"post-8795","1":"product","2":"type-product","3":"status-publish","4":"has-post-thumbnail","6":"product_cat-su-aritma-cihazlari","7":"product_tag-koclar-pure-beyaz-su-aritma-cihazi","9":"first","10":"instock","11":"shipping-taxable","12":"purchasable","13":"product-type-variable"},"_links":{"self":[{"href":"https:\/\/magaza.koclarsuaritma.com\/index.php\/wp-json\/wp\/v2\/product\/8795","targetHints":{"allow":["GET"]}}],"collection":[{"href":"https:\/\/magaza.koclarsuaritma.com\/index.php\/wp-json\/wp\/v2\/product"}],"about":[{"href":"https:\/\/magaza.koclarsuaritma.com\/index.php\/wp-json\/wp\/v2\/types\/product"}],"replies":[{"embeddable":true,"href":"https:\/\/magaza.koclarsuaritma.com\/index.php\/wp-json\/wp\/v2\/comments?post=8795"}],"version-history":[{"count":4,"href":"https:\/\/magaza.koclarsuaritma.com\/index.php\/wp-json\/wp\/v2\/product\/8795\/revisions"}],"predecessor-version":[{"id":8807,"href":"https:\/\/magaza.koclarsuaritma.com\/index.php\/wp-json\/wp\/v2\/product\/8795\/revisions\/8807"}],"wp:featuredmedia":[{"embeddable":true,"href":"https:\/\/magaza.koclarsuaritma.com\/index.php\/wp-json\/wp\/v2\/media\/8804"}],"wp:attachment":[{"href":"https:\/\/magaza.koclarsuaritma.com\/index.php\/wp-json\/wp\/v2\/media?parent=8795"}],"wp:term":[{"taxonomy":"product_brand","embeddable":true,"href":"https:\/\/magaza.koclarsuaritma.com\/index.php\/wp-json\/wp\/v2\/product_brand?post=8795"},{"taxonomy":"product_cat","embeddable":true,"href":"https:\/\/magaza.koclarsuaritma.com\/index.php\/wp-json\/wp\/v2\/product_cat?post=8795"},{"taxonomy":"product_tag","embeddable":true,"href":"https:\/\/magaza.koclarsuaritma.com\/index.php\/wp-json\/wp\/v2\/product_tag?post=8795"}],"curies":[{"name":"wp","href":"https:\/\/api.w.org\/{rel}","templated":true}]}}